{"id":40,"date":"2023-06-20T03:23:43","date_gmt":"2023-06-20T03:23:43","guid":{"rendered":"https:\/\/alphapro.nubead.website\/?page_id=40"},"modified":"2023-06-20T18:10:40","modified_gmt":"2023-06-20T18:10:40","slug":"por-que-alpha-pro","status":"publish","type":"page","link":"https:\/\/alphapro.nubead.website\/index.php\/por-que-alpha-pro\/","title":{"rendered":"\u00bfPor qu\u00e9 Alpha pro?"},"content":{"rendered":"\t\t<div data-elementor-type=\"wp-page\" data-elementor-id=\"40\" class=\"elementor elementor-40\">\n\t\t\t\t\t\t\t\t\t<section class=\"elementor-section elementor-top-section elementor-element elementor-element-8c4fe94 elementor-section-full_width elementor-section-stretched elementor-section-height-default elementor-section-height-default\" data-id=\"8c4fe94\" data-element_type=\"section\" data-settings=\"{&quot;stretch_section&quot;:&quot;section-stretched&quot;}\">\n\t\t\t\t\t\t<div class=\"elementor-container elementor-column-gap-default\">\n\t\t\t\t\t<div class=\"elementor-column elementor-col-100 elementor-top-column elementor-element elementor-element-6c68f2e\" data-id=\"6c68f2e\" data-element_type=\"column\">\n\t\t\t<div class=\"elementor-widget-wrap elementor-element-populated\">\n\t\t\t\t\t\t\t\t<div class=\"elementor-element elementor-element-313c911 elementor-widget elementor-widget-image\" data-id=\"313c911\" data-element_type=\"widget\" data-widget_type=\"image.default\">\n\t\t\t\t<div class=\"elementor-widget-container\">\n\t\t\t<style>\/*! elementor - v3.14.0 - 18-06-2023 *\/\n.elementor-widget-image{text-align:center}.elementor-widget-image a{display:inline-block}.elementor-widget-image a img[src$=\".svg\"]{width:48px}.elementor-widget-image img{vertical-align:middle;display:inline-block}<\/style>\t\t\t\t\t\t\t\t\t\t\t\t<img decoding=\"async\" src=\"https:\/\/alphapro.nubead.website\/wp-content\/uploads\/elementor\/thumbs\/titulo-Porque_Alpha_pro-q87p6z518r2l5w6nfxvxd6nr01twygwpxo0xyuz35g.png\" title=\"titulo-Porque_Alpha_pro\" alt=\"titulo-Porque_Alpha_pro\" loading=\"lazy\" \/>\t\t\t\t\t\t\t\t\t\t\t\t\t\t\t<\/div>\n\t\t\t\t<\/div>\n\t\t\t\t\t<\/div>\n\t\t<\/div>\n\t\t\t\t\t\t\t<\/div>\n\t\t<\/section>\n\t\t\t\t<section class=\"elementor-section elementor-top-section elementor-element elementor-element-8ad8b19 elementor-section-boxed elementor-section-height-default elementor-section-height-default\" data-id=\"8ad8b19\" data-element_type=\"section\">\n\t\t\t\t\t\t<div class=\"elementor-container elementor-column-gap-default\">\n\t\t\t\t\t<div class=\"elementor-column elementor-col-100 elementor-top-column elementor-element elementor-element-a29363f\" data-id=\"a29363f\" data-element_type=\"column\">\n\t\t\t<div class=\"elementor-widget-wrap elementor-element-populated\">\n\t\t\t\t\t\t\t\t<div class=\"elementor-element elementor-element-b3745ae elementor-widget elementor-widget-image\" data-id=\"b3745ae\" data-element_type=\"widget\" data-widget_type=\"image.default\">\n\t\t\t\t<div class=\"elementor-widget-container\">\n\t\t\t\t\t\t\t\t\t\t\t\t\t\t\t<img loading=\"lazy\" decoding=\"async\" width=\"2000\" height=\"171\" src=\"https:\/\/alphapro.nubead.website\/wp-content\/uploads\/2023\/06\/subtitulo-Porque_Alpha_pro.png\" class=\"attachment-full size-full wp-image-13\" alt=\"\" srcset=\"https:\/\/alphapro.nubead.website\/wp-content\/uploads\/2023\/06\/subtitulo-Porque_Alpha_pro.png 2000w, https:\/\/alphapro.nubead.website\/wp-content\/uploads\/2023\/06\/subtitulo-Porque_Alpha_pro-300x26.png 300w, https:\/\/alphapro.nubead.website\/wp-content\/uploads\/2023\/06\/subtitulo-Porque_Alpha_pro-1024x88.png 1024w, https:\/\/alphapro.nubead.website\/wp-content\/uploads\/2023\/06\/subtitulo-Porque_Alpha_pro-768x66.png 768w, https:\/\/alphapro.nubead.website\/wp-content\/uploads\/2023\/06\/subtitulo-Porque_Alpha_pro-1536x131.png 1536w\" sizes=\"auto, (max-width: 2000px) 100vw, 2000px\" \/>\t\t\t\t\t\t\t\t\t\t\t\t\t\t\t<\/div>\n\t\t\t\t<\/div>\n\t\t\t\t\t<\/div>\n\t\t<\/div>\n\t\t\t\t\t\t\t<\/div>\n\t\t<\/section>\n\t\t\t\t<section class=\"elementor-section elementor-top-section elementor-element elementor-element-0755fa9 elementor-section-boxed elementor-section-height-default elementor-section-height-default\" data-id=\"0755fa9\" data-element_type=\"section\">\n\t\t\t\t\t\t<div class=\"elementor-container elementor-column-gap-default\">\n\t\t\t\t\t<div class=\"elementor-column elementor-col-100 elementor-top-column elementor-element elementor-element-3e9f86f\" data-id=\"3e9f86f\" data-element_type=\"column\">\n\t\t\t<div class=\"elementor-widget-wrap elementor-element-populated\">\n\t\t\t\t\t\t\t\t<div class=\"elementor-element elementor-element-aaf2afa elementor-widget elementor-widget-text-editor\" data-id=\"aaf2afa\" data-element_type=\"widget\" data-widget_type=\"text-editor.default\">\n\t\t\t\t<div class=\"elementor-widget-container\">\n\t\t\t<style>\/*! elementor - v3.14.0 - 18-06-2023 *\/\n.elementor-widget-text-editor.elementor-drop-cap-view-stacked .elementor-drop-cap{background-color:#69727d;color:#fff}.elementor-widget-text-editor.elementor-drop-cap-view-framed .elementor-drop-cap{color:#69727d;border:3px solid;background-color:transparent}.elementor-widget-text-editor:not(.elementor-drop-cap-view-default) .elementor-drop-cap{margin-top:8px}.elementor-widget-text-editor:not(.elementor-drop-cap-view-default) .elementor-drop-cap-letter{width:1em;height:1em}.elementor-widget-text-editor .elementor-drop-cap{float:left;text-align:center;line-height:1;font-size:50px}.elementor-widget-text-editor .elementor-drop-cap-letter{display:inline-block}<\/style>\t\t\t\t<p class=\"p1\">Es la f\u00f3rmula de seguimiento a la lactancia materna elaborada con <strong style=\"color: #315acb;\">beta case\u00edna A2<\/strong><br> as\u00ed como <strong style=\"color: #315acb;\">componentes naturales<\/strong> de alto valor nutrimental que promueve el <strong style=\"color: #315acb;\">\u00f3ptimo desarrollo <br>y crecimiento del beb\u00e9<\/strong> en cada una de sus etapas.<\/p>\t\t\t\t\t\t<\/div>\n\t\t\t\t<\/div>\n\t\t\t\t\t<\/div>\n\t\t<\/div>\n\t\t\t\t\t\t\t<\/div>\n\t\t<\/section>\n\t\t\t\t<section class=\"elementor-section elementor-top-section elementor-element elementor-element-5c1451b elementor-section-boxed elementor-section-height-default elementor-section-height-default\" data-id=\"5c1451b\" data-element_type=\"section\">\n\t\t\t\t\t\t<div class=\"elementor-container elementor-column-gap-default\">\n\t\t\t\t\t<div class=\"elementor-column elementor-col-100 elementor-top-column elementor-element elementor-element-b259b69\" data-id=\"b259b69\" data-element_type=\"column\">\n\t\t\t<div class=\"elementor-widget-wrap elementor-element-populated\">\n\t\t\t\t\t\t\t\t<div class=\"elementor-element elementor-element-c127f88 elementor-widget elementor-widget-image\" data-id=\"c127f88\" data-element_type=\"widget\" data-widget_type=\"image.default\">\n\t\t\t\t<div class=\"elementor-widget-container\">\n\t\t\t\t\t\t\t\t\t\t\t\t\t\t\t<img decoding=\"async\" src=\"https:\/\/alphapro.nubead.website\/wp-content\/uploads\/elementor\/thumbs\/Porque_Alpha_pro-img-01-q87p6ost5kofm6lo4bf13r9ogt8vlsro88ulotek3a.png\" title=\"Porque_Alpha_pro-img-01\" alt=\"Porque_Alpha_pro-img-01\" loading=\"lazy\" \/>\t\t\t\t\t\t\t\t\t\t\t\t\t\t\t<\/div>\n\t\t\t\t<\/div>\n\t\t\t\t\t<\/div>\n\t\t<\/div>\n\t\t\t\t\t\t\t<\/div>\n\t\t<\/section>\n\t\t\t\t<section class=\"elementor-section elementor-top-section elementor-element elementor-element-781ae56 elementor-section-boxed elementor-section-height-default elementor-section-height-default\" data-id=\"781ae56\" data-element_type=\"section\">\n\t\t\t\t\t\t<div class=\"elementor-container elementor-column-gap-default\">\n\t\t\t\t\t<div class=\"elementor-column elementor-col-100 elementor-top-column elementor-element elementor-element-0cd16ca\" data-id=\"0cd16ca\" data-element_type=\"column\">\n\t\t\t<div class=\"elementor-widget-wrap elementor-element-populated\">\n\t\t\t\t\t\t\t\t<div class=\"elementor-element elementor-element-b123697 elementor-widget elementor-widget-image\" data-id=\"b123697\" data-element_type=\"widget\" data-widget_type=\"image.default\">\n\t\t\t\t<div class=\"elementor-widget-container\">\n\t\t\t\t\t\t\t\t\t\t\t\t\t\t\t<img loading=\"lazy\" decoding=\"async\" width=\"6250\" height=\"1739\" src=\"https:\/\/alphapro.nubead.website\/wp-content\/uploads\/2023\/06\/pleca-04.png\" class=\"attachment-full size-full wp-image-246\" alt=\"\" srcset=\"https:\/\/alphapro.nubead.website\/wp-content\/uploads\/2023\/06\/pleca-04.png 6250w, https:\/\/alphapro.nubead.website\/wp-content\/uploads\/2023\/06\/pleca-04-300x83.png 300w, https:\/\/alphapro.nubead.website\/wp-content\/uploads\/2023\/06\/pleca-04-1024x285.png 1024w, https:\/\/alphapro.nubead.website\/wp-content\/uploads\/2023\/06\/pleca-04-768x214.png 768w, https:\/\/alphapro.nubead.website\/wp-content\/uploads\/2023\/06\/pleca-04-1536x427.png 1536w, https:\/\/alphapro.nubead.website\/wp-content\/uploads\/2023\/06\/pleca-04-2048x570.png 2048w\" sizes=\"auto, (max-width: 6250px) 100vw, 6250px\" \/>\t\t\t\t\t\t\t\t\t\t\t\t\t\t\t<\/div>\n\t\t\t\t<\/div>\n\t\t\t\t\t<\/div>\n\t\t<\/div>\n\t\t\t\t\t\t\t<\/div>\n\t\t<\/section>\n\t\t\t\t<section class=\"elementor-section elementor-top-section elementor-element elementor-element-3d7007f elementor-section-boxed elementor-section-height-default elementor-section-height-default\" data-id=\"3d7007f\" data-element_type=\"section\">\n\t\t\t\t\t\t<div class=\"elementor-container elementor-column-gap-default\">\n\t\t\t\t\t<div class=\"elementor-column elementor-col-100 elementor-top-column elementor-element elementor-element-b232049\" data-id=\"b232049\" data-element_type=\"column\">\n\t\t\t<div class=\"elementor-widget-wrap elementor-element-populated\">\n\t\t\t\t\t\t\t\t<div class=\"elementor-element elementor-element-9b640ca elementor-widget elementor-widget-image\" data-id=\"9b640ca\" data-element_type=\"widget\" data-widget_type=\"image.default\">\n\t\t\t\t<div class=\"elementor-widget-container\">\n\t\t\t\t\t\t\t\t\t\t\t\t\t\t\t<img decoding=\"async\" src=\"https:\/\/alphapro.nubead.website\/wp-content\/uploads\/elementor\/thumbs\/Porque_Alpha_pro-img-02-q87p6ti03quv88eucvg5y82zfqlpoaabww41377lea.png\" title=\"Porque_Alpha_pro-img-02\" alt=\"Porque_Alpha_pro-img-02\" loading=\"lazy\" \/>\t\t\t\t\t\t\t\t\t\t\t\t\t\t\t<\/div>\n\t\t\t\t<\/div>\n\t\t\t\t\t<\/div>\n\t\t<\/div>\n\t\t\t\t\t\t\t<\/div>\n\t\t<\/section>\n\t\t\t\t\t\t\t<\/div>\n\t\t","protected":false},"excerpt":{"rendered":"<p>Es la f\u00f3rmula de seguimiento a la lactancia materna elaborada con beta case\u00edna A2 as\u00ed como componentes naturales de alto valor nutrimental que promueve el \u00f3ptimo desarrollo y crecimiento del beb\u00e9 en cada una de sus etapas.<\/p>\n","protected":false},"author":1,"featured_media":0,"parent":0,"menu_order":0,"comment_status":"closed","ping_status":"closed","template":"","meta":{"footnotes":""},"class_list":["post-40","page","type-page","status-publish","hentry"],"_links":{"self":[{"href":"https:\/\/alphapro.nubead.website\/index.php\/wp-json\/wp\/v2\/pages\/40","targetHints":{"allow":["GET"]}}],"collection":[{"href":"https:\/\/alphapro.nubead.website\/index.php\/wp-json\/wp\/v2\/pages"}],"about":[{"href":"https:\/\/alphapro.nubead.website\/index.php\/wp-json\/wp\/v2\/types\/page"}],"author":[{"embeddable":true,"href":"https:\/\/alphapro.nubead.website\/index.php\/wp-json\/wp\/v2\/users\/1"}],"replies":[{"embeddable":true,"href":"https:\/\/alphapro.nubead.website\/index.php\/wp-json\/wp\/v2\/comments?post=40"}],"version-history":[{"count":136,"href":"https:\/\/alphapro.nubead.website\/index.php\/wp-json\/wp\/v2\/pages\/40\/revisions"}],"predecessor-version":[{"id":363,"href":"https:\/\/alphapro.nubead.website\/index.php\/wp-json\/wp\/v2\/pages\/40\/revisions\/363"}],"wp:attachment":[{"href":"https:\/\/alphapro.nubead.website\/index.php\/wp-json\/wp\/v2\/media?parent=40"}],"curies":[{"name":"wp","href":"https:\/\/api.w.org\/{rel}","templated":true}]}}